{"id":614,"date":"2016-09-13T14:59:00","date_gmt":"2016-09-13T18:59:00","guid":{"rendered":"http:\/\/simon.wps.dev\/fr\/how-to-apply\/"},"modified":"2017-01-14T22:49:11","modified_gmt":"2017-01-15T03:49:11","slug":"how-to-apply","status":"publish","type":"page","link":"https:\/\/priceteammortgages.ca\/fr\/how-to-apply\/","title":{"rendered":"POUR PR\u00c9SENTER UNE DEMANDE"},"content":{"rendered":"","protected":false},"excerpt":{"rendered":"<p>Faire une demande de pr\u00eat hypoth\u00e9caire ne pourrait \u00eatre plus facile. Vous n\u2019avez qu\u2019\u00e0 remplir notre demande s\u00e9curis\u00e9e et nous communiquerons avec vous sous peu<\/p>\n","protected":false},"author":1,"featured_media":0,"parent":0,"menu_order":0,"comment_status":"closed","ping_status":"closed","template":"","meta":[],"yoast_head":"<!-- This site is optimized with the Yoast SEO plugin v17.1 - https:\/\/yoast.com\/wordpress\/plugins\/seo\/ -->\n<meta name=\"robots\" content=\"index, follow, max-snippet:-1, max-image-preview:large, max-video-preview:-1\" \/>\n<link rel=\"canonical\" href=\"https:\/\/priceteammortgages.ca\/fr\/how-to-apply\/\" \/>\n<meta property=\"og:locale\" content=\"fr_FR\" \/>\n<meta property=\"og:type\" content=\"article\" \/>\n<meta property=\"og:title\" content=\"POUR PR\u00c9SENTER UNE DEMANDE &bull; Centres Hypoth\u00e9caires Dominion\" \/>\n<meta property=\"og:description\" content=\"Faire une demande de pr\u00eat hypoth\u00e9caire ne pourrait \u00eatre plus facile. Vous n\u2019avez qu\u2019\u00e0 remplir notre demande s\u00e9curis\u00e9e et nous communiquerons avec vous sous peu\" \/>\n<meta property=\"og:url\" content=\"https:\/\/priceteammortgages.ca\/fr\/how-to-apply\/\" \/>\n<meta property=\"og:site_name\" content=\"Centres Hypoth\u00e9caires Dominion\" \/>\n<meta property=\"article:publisher\" content=\"https:\/\/www.facebook.com\/PriceTeamMortgagesDominionLendingCentres\" \/>\n<meta property=\"article:modified_time\" content=\"2017-01-15T03:49:11+00:00\" \/>\n<meta name=\"twitter:card\" content=\"summary\" \/>\n<meta name=\"twitter:site\" content=\"@PriceTeamMtge\" \/>\n<script type=\"application\/ld+json\" class=\"yoast-schema-graph\">{\"@context\":\"https:\/\/schema.org\",\"@graph\":[{\"@type\":\"Organization\",\"@id\":\"https:\/\/priceteammortgages.ca\/#organization\",\"name\":\"Centres Hypoth\\u00e9caires Dominion\",\"url\":\"https:\/\/priceteammortgages.ca\/\",\"sameAs\":[\"https:\/\/www.facebook.com\/PriceTeamMortgagesDominionLendingCentres\",\"https:\/\/www.instagram.com\/priceteammortgagesfergus\/\",\"http:\/\/www.linkedin.com\/ln\/Tracy-luciani-price\",\"https:\/\/www.youtube.com\/@priceteammortgages-dominio108\/about\",\"https:\/\/www.pinterest.ca\/priceteammortgages\/\",\"https:\/\/twitter.com\/PriceTeamMtge\"],\"logo\":{\"@type\":\"ImageObject\",\"@id\":\"https:\/\/priceteammortgages.ca\/#logo\",\"inLanguage\":\"fr-FR\",\"url\":\"https:\/\/priceteammortgages.ca\/wp-content\/uploads\/2017\/05\/cropped-PTM_logo_hor_no-box_tag_cmyk_300dpi_v2.jpg\",\"contentUrl\":\"https:\/\/priceteammortgages.ca\/wp-content\/uploads\/2017\/05\/cropped-PTM_logo_hor_no-box_tag_cmyk_300dpi_v2.jpg\",\"width\":1140,\"height\":413,\"caption\":\"Centres Hypoth\\u00e9caires Dominion\"},\"image\":{\"@id\":\"https:\/\/priceteammortgages.ca\/#logo\"}},{\"@type\":\"WebSite\",\"@id\":\"https:\/\/priceteammortgages.ca\/#website\",\"url\":\"https:\/\/priceteammortgages.ca\/\",\"name\":\"Centres Hypoth\\u00e9caires Dominion\",\"description\":\"Just another WordPress site\",\"publisher\":{\"@id\":\"https:\/\/priceteammortgages.ca\/#organization\"},\"potentialAction\":[{\"@type\":\"SearchAction\",\"target\":{\"@type\":\"EntryPoint\",\"urlTemplate\":\"https:\/\/priceteammortgages.ca\/?s={search_term_string}\"},\"query-input\":\"required name=search_term_string\"}],\"inLanguage\":\"fr-FR\"},{\"@type\":\"WebPage\",\"@id\":\"https:\/\/priceteammortgages.ca\/fr\/how-to-apply\/#webpage\",\"url\":\"https:\/\/priceteammortgages.ca\/fr\/how-to-apply\/\",\"name\":\"POUR PR\\u00c9SENTER UNE DEMANDE &bull; Centres Hypoth\\u00e9caires Dominion\",\"isPartOf\":{\"@id\":\"https:\/\/priceteammortgages.ca\/#website\"},\"datePublished\":\"2016-09-13T18:59:00+00:00\",\"dateModified\":\"2017-01-15T03:49:11+00:00\",\"breadcrumb\":{\"@id\":\"https:\/\/priceteammortgages.ca\/fr\/how-to-apply\/#breadcrumb\"},\"inLanguage\":\"fr-FR\",\"potentialAction\":[{\"@type\":\"ReadAction\",\"target\":[\"https:\/\/priceteammortgages.ca\/fr\/how-to-apply\/\"]}]},{\"@type\":\"BreadcrumbList\",\"@id\":\"https:\/\/priceteammortgages.ca\/fr\/how-to-apply\/#breadcrumb\",\"itemListElement\":[{\"@type\":\"ListItem\",\"position\":1,\"name\":\"Home\",\"item\":\"https:\/\/priceteammortgages.ca\/fr\/\"},{\"@type\":\"ListItem\",\"position\":2,\"name\":\"POUR PR\\u00c9SENTER UNE DEMANDE\"}]}]}<\/script>\n<!-- \/ Yoast SEO plugin. -->","yoast_head_json":{"robots":{"index":"index","follow":"follow","max-snippet":"max-snippet:-1","max-image-preview":"max-image-preview:large","max-video-preview":"max-video-preview:-1"},"canonical":"https:\/\/priceteammortgages.ca\/fr\/how-to-apply\/","og_locale":"fr_FR","og_type":"article","og_title":"POUR PR\u00c9SENTER UNE DEMANDE &bull; Centres Hypoth\u00e9caires Dominion","og_description":"Faire une demande de pr\u00eat hypoth\u00e9caire ne pourrait \u00eatre plus facile. Vous n\u2019avez qu\u2019\u00e0 remplir notre demande s\u00e9curis\u00e9e et nous communiquerons avec vous sous peu","og_url":"https:\/\/priceteammortgages.ca\/fr\/how-to-apply\/","og_site_name":"Centres Hypoth\u00e9caires Dominion","article_publisher":"https:\/\/www.facebook.com\/PriceTeamMortgagesDominionLendingCentres","article_modified_time":"2017-01-15T03:49:11+00:00","twitter_card":"summary","twitter_site":"@PriceTeamMtge","schema":{"@context":"https:\/\/schema.org","@graph":[{"@type":"Organization","@id":"https:\/\/priceteammortgages.ca\/#organization","name":"Centres Hypoth\u00e9caires Dominion","url":"https:\/\/priceteammortgages.ca\/","sameAs":["https:\/\/www.facebook.com\/PriceTeamMortgagesDominionLendingCentres","https:\/\/www.instagram.com\/priceteammortgagesfergus\/","http:\/\/www.linkedin.com\/ln\/Tracy-luciani-price","https:\/\/www.youtube.com\/@priceteammortgages-dominio108\/about","https:\/\/www.pinterest.ca\/priceteammortgages\/","https:\/\/twitter.com\/PriceTeamMtge"],"logo":{"@type":"ImageObject","@id":"https:\/\/priceteammortgages.ca\/#logo","inLanguage":"fr-FR","url":"https:\/\/priceteammortgages.ca\/wp-content\/uploads\/2017\/05\/cropped-PTM_logo_hor_no-box_tag_cmyk_300dpi_v2.jpg","contentUrl":"https:\/\/priceteammortgages.ca\/wp-content\/uploads\/2017\/05\/cropped-PTM_logo_hor_no-box_tag_cmyk_300dpi_v2.jpg","width":1140,"height":413,"caption":"Centres Hypoth\u00e9caires Dominion"},"image":{"@id":"https:\/\/priceteammortgages.ca\/#logo"}},{"@type":"WebSite","@id":"https:\/\/priceteammortgages.ca\/#website","url":"https:\/\/priceteammortgages.ca\/","name":"Centres Hypoth\u00e9caires Dominion","description":"Just another WordPress site","publisher":{"@id":"https:\/\/priceteammortgages.ca\/#organization"},"potentialAction":[{"@type":"SearchAction","target":{"@type":"EntryPoint","urlTemplate":"https:\/\/priceteammortgages.ca\/?s={search_term_string}"},"query-input":"required name=search_term_string"}],"inLanguage":"fr-FR"},{"@type":"WebPage","@id":"https:\/\/priceteammortgages.ca\/fr\/how-to-apply\/#webpage","url":"https:\/\/priceteammortgages.ca\/fr\/how-to-apply\/","name":"POUR PR\u00c9SENTER UNE DEMANDE &bull; Centres Hypoth\u00e9caires Dominion","isPartOf":{"@id":"https:\/\/priceteammortgages.ca\/#website"},"datePublished":"2016-09-13T18:59:00+00:00","dateModified":"2017-01-15T03:49:11+00:00","breadcrumb":{"@id":"https:\/\/priceteammortgages.ca\/fr\/how-to-apply\/#breadcrumb"},"inLanguage":"fr-FR","potentialAction":[{"@type":"ReadAction","target":["https:\/\/priceteammortgages.ca\/fr\/how-to-apply\/"]}]},{"@type":"BreadcrumbList","@id":"https:\/\/priceteammortgages.ca\/fr\/how-to-apply\/#breadcrumb","itemListElement":[{"@type":"ListItem","position":1,"name":"Home","item":"https:\/\/priceteammortgages.ca\/fr\/"},{"@type":"ListItem","position":2,"name":"POUR PR\u00c9SENTER UNE DEMANDE"}]}]}},"_links":{"self":[{"href":"https:\/\/priceteammortgages.ca\/fr\/wp-json\/wp\/v2\/pages\/614"}],"collection":[{"href":"https:\/\/priceteammortgages.ca\/fr\/wp-json\/wp\/v2\/pages"}],"about":[{"href":"https:\/\/priceteammortgages.ca\/fr\/wp-json\/wp\/v2\/types\/page"}],"author":[{"embeddable":true,"href":"https:\/\/priceteammortgages.ca\/fr\/wp-json\/wp\/v2\/users\/1"}],"replies":[{"embeddable":true,"href":"https:\/\/priceteammortgages.ca\/fr\/wp-json\/wp\/v2\/comments?post=614"}],"version-history":[{"count":2,"href":"https:\/\/priceteammortgages.ca\/fr\/wp-json\/wp\/v2\/pages\/614\/revisions"}],"predecessor-version":[{"id":921,"href":"https:\/\/priceteammortgages.ca\/fr\/wp-json\/wp\/v2\/pages\/614\/revisions\/921"}],"wp:attachment":[{"href":"https:\/\/priceteammortgages.ca\/fr\/wp-json\/wp\/v2\/media?parent=614"}],"curies":[{"name":"wp","href":"https:\/\/api.w.org\/{rel}","templated":true}]}}